{"id":118,"date":"2010-08-27T15:42:39","date_gmt":"2010-08-27T15:42:39","guid":{"rendered":"http:\/\/www.infoductos.net.pe\/"},"modified":"2024-01-17T16:12:32","modified_gmt":"2024-01-17T21:12:32","slug":"solicitud-de-informacion","status":"publish","type":"page","link":"https:\/\/infoductos.pe\/?page_id=118","title":{"rendered":"Solicitud de informaci\u00f3n"},"content":{"rendered":"\n<p><strong>Centro de atenci\u00f3n y pago<\/strong><\/p>\n\n\n\n<p>Centro Comercial CompuPalace, Av. Petit Thouars N\u00ba 5356, oficina N\u00ba 3078, tercer piso &#8211; Miraflores.<\/p>\n\n\n\n<p><strong>Horario de atenci\u00f3n<\/strong><\/p>\n\n\n\n<p>De lunes a viernes de 10:00 am &nbsp;a 1:00 pm y de 2:00 pm a 6:00 pm y S\u00e1bados de 10:00 am a 1:00 pm<\/p>\n\n\n\n<p><strong>Tel\u00e9fono<\/strong><\/p>\n\n\n\n<p>0800 1 1901&nbsp;(de lunes a s\u00e1bado de 8:00 am a 6:30 pm)<\/p>\n\n\n\n<p><a href=\"https:\/\/infoductos.pe\/?page_id=148\" target=\"_blank\" rel=\"noreferrer noopener\">Libro de reclamaciones<\/a><\/p>\n","protected":false},"excerpt":{"rendered":"<p>Centro de atenci\u00f3n y pago Centro Comercial CompuPalace, Av. Petit Thouars N\u00ba 5356, oficina N\u00ba 3078, tercer piso &#8211; Miraflores. Horario de atenci\u00f3n De lunes a viernes de 10:00 am &nbsp;a 1:00 pm y de 2:00 pm a 6:00 pm y S\u00e1bados de 10:00 am a 1:00 pm Tel\u00e9fono 0800 1 1901&nbsp;(de lunes a s\u00e1bado &hellip; <\/p>\n<p class=\"link-more\"><a href=\"https:\/\/infoductos.pe\/?page_id=118\" class=\"more-link\">Continuar leyendo<span class=\"screen-reader-text\"> \u00abSolicitud de informaci\u00f3n\u00bb<\/span><\/a><\/p>\n","protected":false},"author":1,"featured_media":0,"parent":0,"menu_order":0,"comment_status":"closed","ping_status":"closed","template":"","meta":{"footnotes":""},"class_list":["post-118","page","type-page","status-publish","hentry"],"_links":{"self":[{"href":"https:\/\/infoductos.pe\/index.php?rest_route=\/wp\/v2\/pages\/118","targetHints":{"allow":["GET"]}}],"collection":[{"href":"https:\/\/infoductos.pe\/index.php?rest_route=\/wp\/v2\/pages"}],"about":[{"href":"https:\/\/infoductos.pe\/index.php?rest_route=\/wp\/v2\/types\/page"}],"author":[{"embeddable":true,"href":"https:\/\/infoductos.pe\/index.php?rest_route=\/wp\/v2\/users\/1"}],"replies":[{"embeddable":true,"href":"https:\/\/infoductos.pe\/index.php?rest_route=%2Fwp%2Fv2%2Fcomments&post=118"}],"version-history":[{"count":2,"href":"https:\/\/infoductos.pe\/index.php?rest_route=\/wp\/v2\/pages\/118\/revisions"}],"predecessor-version":[{"id":11976,"href":"https:\/\/infoductos.pe\/index.php?rest_route=\/wp\/v2\/pages\/118\/revisions\/11976"}],"wp:attachment":[{"href":"https:\/\/infoductos.pe\/index.php?rest_route=%2Fwp%2Fv2%2Fmedia&parent=118"}],"curies":[{"name":"wp","href":"https:\/\/api.w.org\/{rel}","templated":true}]}}