{"id":138,"date":"2012-08-07T21:14:58","date_gmt":"2012-08-07T21:14:58","guid":{"rendered":"http:\/\/www.infoductos.net.pe\/"},"modified":"2012-08-07T21:14:58","modified_gmt":"2012-08-07T21:14:58","slug":"llamadas-entrantes","status":"publish","type":"page","link":"https:\/\/infoductos.pe\/?page_id=138","title":{"rendered":"Llamadas entrantes"},"content":{"rendered":"\n<p><strong>Llamadas entrantes<\/strong><\/p>\n\n\n\n<p>Si usted desea informaci\u00f3n sobre las llamadas entrantes de su l\u00ednea telef\u00f3nica, puede solicitarlo llam\u00e1ndonos al 702-1901 \u00f3 escribirnos al email usuario@infoductos.pe.<\/p>\n\n\n\n<p>Recuerde que solo puede solicitar informaci\u00f3n no mayor de dos meses de la fecha de solicitud.<\/p>\n","protected":false},"excerpt":{"rendered":"<p>Llamadas entrantes Si usted desea informaci\u00f3n sobre las llamadas entrantes de su l\u00ednea telef\u00f3nica, puede solicitarlo llam\u00e1ndonos al 702-1901 \u00f3 escribirnos al email usuario@infoductos.pe. Recuerde que solo puede solicitar informaci\u00f3n no mayor de dos meses de la fecha de solicitud.<\/p>\n","protected":false},"author":1,"featured_media":0,"parent":0,"menu_order":0,"comment_status":"closed","ping_status":"closed","template":"","meta":{"footnotes":""},"class_list":["post-138","page","type-page","status-publish","hentry"],"_links":{"self":[{"href":"https:\/\/infoductos.pe\/index.php?rest_route=\/wp\/v2\/pages\/138","targetHints":{"allow":["GET"]}}],"collection":[{"href":"https:\/\/infoductos.pe\/index.php?rest_route=\/wp\/v2\/pages"}],"about":[{"href":"https:\/\/infoductos.pe\/index.php?rest_route=\/wp\/v2\/types\/page"}],"author":[{"embeddable":true,"href":"https:\/\/infoductos.pe\/index.php?rest_route=\/wp\/v2\/users\/1"}],"replies":[{"embeddable":true,"href":"https:\/\/infoductos.pe\/index.php?rest_route=%2Fwp%2Fv2%2Fcomments&post=138"}],"version-history":[{"count":0,"href":"https:\/\/infoductos.pe\/index.php?rest_route=\/wp\/v2\/pages\/138\/revisions"}],"wp:attachment":[{"href":"https:\/\/infoductos.pe\/index.php?rest_route=%2Fwp%2Fv2%2Fmedia&parent=138"}],"curies":[{"name":"wp","href":"https:\/\/api.w.org\/{rel}","templated":true}]}}