{"id":184,"date":"2013-09-23T22:18:12","date_gmt":"2013-09-23T22:18:12","guid":{"rendered":"http:\/\/www.infoductos.net.pe\/?page_id=184"},"modified":"2013-09-23T22:18:12","modified_gmt":"2013-09-23T22:18:12","slug":"tarifario","status":"publish","type":"page","link":"https:\/\/infoductos.pe\/?page_id=184","title":{"rendered":"Tarifas Promocionales de Larga Distancia \u2013 Plan con Beneficios"},"content":{"rendered":"<p align=\"left\"><b><span style=\"text-decoration: underline;\">Tarifas Promocionales de Larga Distancia Nacional<\/span><\/b><\/p>\n<p>(Tarifa por minuto en Nuevos Soles incluido IGV)<\/p>\n<p><b><span style=\"text-decoration: underline;\">Tarifas Promocionales de Larga Distancia Internacional<\/span><\/b><\/p>\n<p>(Tarifa por minuto en Nuevos Soles incluido IGV)<\/p>\n<p>*No considera Cuba, ni destino mar\u00edtimos ni a\u00e9reos.<\/p>\n<p><b>Restricciones:<\/b><\/p>\n<p>Servicio disponible exclusivamente desde l\u00edneas telef\u00f3nicas fijas convencionales con acceso al servicio de Larga Distancia.<\/p>\n<p>Servicio no disponible desde tel\u00e9fonos m\u00f3viles, tel\u00e9fonos de uso p\u00fablico o tel\u00e9fonos satelitales.<\/p>\n<p>V\u00e1lidas desde el 01 de agosto del 2014 al 31 de diciembre del 2014.<\/p>\n","protected":false},"excerpt":{"rendered":"<p>Tarifas Promocionales de Larga Distancia Nacional (Tarifa por minuto en Nuevos Soles incluido IGV) Tarifas Promocionales de Larga Distancia Internacional (Tarifa por minuto en Nuevos Soles incluido IGV) *No considera Cuba, ni destino mar\u00edtimos ni a\u00e9reos. Restricciones: Servicio disponible exclusivamente desde l\u00edneas telef\u00f3nicas fijas convencionales con acceso al servicio de Larga Distancia. Servicio no disponible &hellip; <\/p>\n<p class=\"link-more\"><a href=\"https:\/\/infoductos.pe\/?page_id=184\" class=\"more-link\">Continuar leyendo<span class=\"screen-reader-text\"> \u00abTarifas Promocionales de Larga Distancia \u2013 Plan con Beneficios\u00bb<\/span><\/a><\/p>\n","protected":false},"author":1,"featured_media":0,"parent":0,"menu_order":0,"comment_status":"closed","ping_status":"closed","template":"","meta":{"footnotes":""},"class_list":["post-184","page","type-page","status-publish","hentry"],"_links":{"self":[{"href":"https:\/\/infoductos.pe\/index.php?rest_route=\/wp\/v2\/pages\/184","targetHints":{"allow":["GET"]}}],"collection":[{"href":"https:\/\/infoductos.pe\/index.php?rest_route=\/wp\/v2\/pages"}],"about":[{"href":"https:\/\/infoductos.pe\/index.php?rest_route=\/wp\/v2\/types\/page"}],"author":[{"embeddable":true,"href":"https:\/\/infoductos.pe\/index.php?rest_route=\/wp\/v2\/users\/1"}],"replies":[{"embeddable":true,"href":"https:\/\/infoductos.pe\/index.php?rest_route=%2Fwp%2Fv2%2Fcomments&post=184"}],"version-history":[{"count":0,"href":"https:\/\/infoductos.pe\/index.php?rest_route=\/wp\/v2\/pages\/184\/revisions"}],"wp:attachment":[{"href":"https:\/\/infoductos.pe\/index.php?rest_route=%2Fwp%2Fv2%2Fmedia&parent=184"}],"curies":[{"name":"wp","href":"https:\/\/api.w.org\/{rel}","templated":true}]}}