{"id":292,"date":"2014-03-06T15:37:08","date_gmt":"2014-03-06T15:37:08","guid":{"rendered":"http:\/\/www.infoductos.net.pe\/?page_id=292"},"modified":"2014-03-06T15:37:08","modified_gmt":"2014-03-06T15:37:08","slug":"plan-bono-nacional","status":"publish","type":"page","link":"https:\/\/infoductos.pe\/?page_id=292","title":{"rendered":"Plan Bono Nacional"},"content":{"rendered":"<p>Suscr\u00edbete al Plan Bono Nacional y accede a una tarifa preferencial de S\/.0.14 por minuto incluido IGV para sus llamadas a tel\u00e9fonos fijos de Larga Distancia Nacional, por un cargo fijo mensual de m\u00ednimo de S\/.10. Adem\u00e1s recibe un bono de 3 minutos para llamar a tel\u00e9fonos fijos de Larga Distancia Nacional, por cada sol de su cargo fijo.<\/p>\n<p>Adem\u00e1s de contar con este Plan Bono Nacional, usted colabora con la <b>Liga Contra el C\u00e1ncer <\/b>y los programas que actualmente se trabajan en el pa\u00eds para mejorar la situaci\u00f3n de miles de personas v\u00edctimas de esta enfermedad:<\/p>\n<p><b><span style=\"text-decoration: underline;\">Programas de subvenci\u00f3n e Inversi\u00f3n <\/span><\/b><\/p>\n<p><b>BECAS PARA DAR SALUD:<\/b><\/p>\n<p>Subvenci\u00f3n de servicios de prevenci\u00f3n, tratamiento y detecci\u00f3n temprana de esta enfermedad.<\/p>\n<p><b>INFRAESTRUCTURA Y EQUIPAMIENTO:<\/b><\/p>\n<p>Fondos destinados al financiamiento para la adquisici\u00f3n de equipos de \u00faltima generaci\u00f3n; para el tratamiento y despistaje del c\u00e1ncer en todas sus modalidades y etapas (Hospital de Neopl\u00e1sica).<\/p>\n<p>Para utilizar el servicio, marca el 1901 de INFODUCTOS\u00a0 y comun\u00edcate con todo el Per\u00fa a las tarifas m\u00e1s competitivas y con la mayor calidad.<\/p>\n<ul>\n<li>Para Larga Distancia Nacional (fijos): 1901+ 0 + C\u00f3digo Ciudad + N\u00famero telef\u00f3nico<\/li>\n<\/ul>\n<p>Para cualquier consulta no dude en llamarnos al n\u00famero de atenci\u00f3n al cliente <span style=\"text-decoration: underline;\">0-800-1-1901<\/span><\/p>\n<p>Para revisar el tarifario actual, hacer click\u00a0<a href=\"http:\/\/www.infoductos.net.pe\/tarifas-promocionales-de-larga-distancia-plan-bono-nacional-liga\/\"><b>aqu\u00ed<\/b><\/a><b>.<\/b><\/p>\n","protected":false},"excerpt":{"rendered":"<p>Suscr\u00edbete al Plan Bono Nacional y accede a una tarifa preferencial de S\/.0.14 por minuto incluido IGV para sus llamadas a tel\u00e9fonos fijos de Larga Distancia Nacional, por un cargo fijo mensual de m\u00ednimo de S\/.10. Adem\u00e1s recibe un bono de 3 minutos para llamar a tel\u00e9fonos fijos de Larga Distancia Nacional, por cada sol &hellip; <\/p>\n<p class=\"link-more\"><a href=\"https:\/\/infoductos.pe\/?page_id=292\" class=\"more-link\">Continuar leyendo<span class=\"screen-reader-text\"> \u00abPlan Bono Nacional\u00bb<\/span><\/a><\/p>\n","protected":false},"author":1,"featured_media":0,"parent":0,"menu_order":0,"comment_status":"closed","ping_status":"closed","template":"","meta":{"footnotes":""},"class_list":["post-292","page","type-page","status-publish","hentry"],"_links":{"self":[{"href":"https:\/\/infoductos.pe\/index.php?rest_route=\/wp\/v2\/pages\/292","targetHints":{"allow":["GET"]}}],"collection":[{"href":"https:\/\/infoductos.pe\/index.php?rest_route=\/wp\/v2\/pages"}],"about":[{"href":"https:\/\/infoductos.pe\/index.php?rest_route=\/wp\/v2\/types\/page"}],"author":[{"embeddable":true,"href":"https:\/\/infoductos.pe\/index.php?rest_route=\/wp\/v2\/users\/1"}],"replies":[{"embeddable":true,"href":"https:\/\/infoductos.pe\/index.php?rest_route=%2Fwp%2Fv2%2Fcomments&post=292"}],"version-history":[{"count":0,"href":"https:\/\/infoductos.pe\/index.php?rest_route=\/wp\/v2\/pages\/292\/revisions"}],"wp:attachment":[{"href":"https:\/\/infoductos.pe\/index.php?rest_route=%2Fwp%2Fv2%2Fmedia&parent=292"}],"curies":[{"name":"wp","href":"https:\/\/api.w.org\/{rel}","templated":true}]}}